{"id":41,"date":"2023-03-06T19:39:41","date_gmt":"2023-03-06T19:39:41","guid":{"rendered":"http:\/\/vps424140.ovh.net:8081\/?page_id=41"},"modified":"2024-01-08T23:45:11","modified_gmt":"2024-01-08T23:45:11","slug":"home","status":"publish","type":"page","link":"http:\/\/mooc.senexia.eu\/fr\/","title":{"rendered":"Home"},"content":{"rendered":"<div data-elementor-type=\"wp-page\" data-elementor-id=\"41\" class=\"elementor elementor-41\">\n\t\t\t\t\t\t\t<div class=\"elementor-element elementor-element-1128d23 e-con-boxed e-con\" data-id=\"1128d23\" data-element_type=\"container\" data-settings=\"{&quot;background_background&quot;:&quot;classic&quot;,&quot;shape_divider_bottom&quot;:&quot;tilt&quot;,&quot;content_width&quot;:&quot;boxed&quot;}\">\n\t\t\t\t\t<div class=\"e-con-inner\">\n\t\t\t\t<div class=\"elementor-shape elementor-shape-bottom\" data-negative=\"false\">\n\t\t\t<svg xmlns=\"http:\/\/www.w3.org\/2000\/svg\" viewbox=\"0 0 1000 100\" preserveaspectratio=\"none\">\n\t<path class=\"elementor-shape-fill\" d=\"M0,6V0h1000v100L0,6z\"\/>\n<\/svg>\t\t<\/div>\n\t\t<div class=\"elementor-element elementor-element-0f96e3d e-con-full e-con\" data-id=\"0f96e3d\" data-element_type=\"container\" data-settings=\"{&quot;content_width&quot;:&quot;full&quot;}\">\n\t\t\t\t<div class=\"elementor-element elementor-element-5eb2910 elementor-widget elementor-widget-heading\" data-id=\"5eb2910\" data-element_type=\"widget\" data-widget_type=\"heading.default\">\n\t\t\t\t<div class=\"elementor-widget-container\">\n\t\t\t<style>\/*! elementor - v3.11.3 - 07-03-2023 *\/\n.elementor-heading-title{padding:0;margin:0;line-height:1}.elementor-widget-heading .elementor-heading-title[class*=elementor-size-]>a{color:inherit;font-size:inherit;line-height:inherit}.elementor-widget-heading .elementor-heading-title.elementor-size-small{font-size:15px}.elementor-widget-heading .elementor-heading-title.elementor-size-medium{font-size:19px}.elementor-widget-heading .elementor-heading-title.elementor-size-large{font-size:29px}.elementor-widget-heading .elementor-heading-title.elementor-size-xl{font-size:39px}.elementor-widget-heading .elementor-heading-title.elementor-size-xxl{font-size:59px}<\/style><h2 class=\"elementor-heading-title elementor-size-default\">Bienvenue sur le <\/h2>\t\t<\/div>\n\t\t\t\t<\/div>\n\t\t\t\t<div class=\"elementor-element elementor-element-91bffbb elementor-widget elementor-widget-heading\" data-id=\"91bffbb\" data-element_type=\"widget\" data-widget_type=\"heading.default\">\n\t\t\t\t<div class=\"elementor-widget-container\">\n\t\t\t<h2 class=\"elementor-heading-title elementor-size-default\">MOOC <br> SENEXIA<\/h2>\t\t<\/div>\n\t\t\t\t<\/div>\n\t\t\t\t<div class=\"elementor-element elementor-element-55b1ca4 elementor-widget elementor-widget-text-editor\" data-id=\"55b1ca4\" data-element_type=\"widget\" data-widget_type=\"text-editor.default\">\n\t\t\t\t<div class=\"elementor-widget-container\">\n\t\t\t<style>\/*! elementor - v3.11.3 - 07-03-2023 *\/\n.elementor-widget-text-editor.elementor-drop-cap-view-stacked .elementor-drop-cap{background-color:#818a91;color:#fff}.elementor-widget-text-editor.elementor-drop-cap-view-framed .elementor-drop-cap{color:#818a91;border:3px solid;background-color:transparent}.elementor-widget-text-editor:not(.elementor-drop-cap-view-default) .elementor-drop-cap{margin-top:8px}.elementor-widget-text-editor:not(.elementor-drop-cap-view-default) .elementor-drop-cap-letter{width:1em;height:1em}.elementor-widget-text-editor .elementor-drop-cap{float:left;text-align:center;line-height:1;font-size:50px}.elementor-widget-text-editor .elementor-drop-cap-letter{display:inline-block}<\/style>\t\t\t\t<p>Favoriser l'emploi et l'auto-emploi des seniors<\/p>\t\t\t\t\t\t<\/div>\n\t\t\t\t<\/div>\n\t\t\t\t<div class=\"elementor-element elementor-element-8d4199f elementor-widget elementor-widget-button\" data-id=\"8d4199f\" data-element_type=\"widget\" data-widget_type=\"button.default\">\n\t\t\t\t<div class=\"elementor-widget-container\">\n\t\t\t\t\t<div class=\"elementor-button-wrapper\">\n\t\t\t<a href=\"#\" class=\"elementor-button-link elementor-button elementor-size-lg\" role=\"button\">\n\t\t\t\t\t\t<span class=\"elementor-button-content-wrapper\">\n\t\t\t\t\t\t<span class=\"elementor-button-text\">Commencez !<\/span>\n\t\t<\/span>\n\t\t\t\t\t<\/a>\n\t\t<\/div>\n\t\t\t\t<\/div>\n\t\t\t\t<\/div>\n\t\t\t\t<\/div>\n\t\t<div class=\"elementor-element elementor-element-724780d e-con-full e-con\" data-id=\"724780d\" data-element_type=\"container\" data-settings=\"{&quot;content_width&quot;:&quot;full&quot;}\">\n\t\t\t\t<div class=\"elementor-element elementor-element-aaf0c5d elementor-widget elementor-widget-image\" data-id=\"aaf0c5d\" data-element_type=\"widget\" data-widget_type=\"image.default\">\n\t\t\t\t<div class=\"elementor-widget-container\">\n\t\t\t<style>\/*! elementor - v3.11.3 - 07-03-2023 *\/\n.elementor-widget-image{text-align:center}.elementor-widget-image a{display:inline-block}.elementor-widget-image a img[src$=\".svg\"]{width:48px}.elementor-widget-image img{vertical-align:middle;display:inline-block}<\/style>\t\t\t\t\t\t\t\t\t\t\t\t<img loading=\"lazy\" decoding=\"async\" width=\"708\" height=\"284\" src=\"http:\/\/mooc.senexia.eu\/wp-content\/uploads\/2023\/03\/SENEXIA-Design-Logo-removebg-preview.png\" class=\"attachment-full size-full wp-image-49\" alt=\"\" srcset=\"http:\/\/mooc.senexia.eu\/wp-content\/uploads\/2023\/03\/SENEXIA-Design-Logo-removebg-preview.png 708w, http:\/\/mooc.senexia.eu\/wp-content\/uploads\/2023\/03\/SENEXIA-Design-Logo-removebg-preview-300x120.png 300w\" sizes=\"auto, (max-width: 708px) 100vw, 708px\" \/>\t\t\t\t\t\t\t\t\t\t\t\t\t\t\t<\/div>\n\t\t\t\t<\/div>\n\t\t\t\t<\/div>\n\t\t\t\t\t<\/div>\n\t\t\t\t<\/div>\n\t\t<div class=\"elementor-element elementor-element-e8601c3 e-con-boxed e-con\" data-id=\"e8601c3\" data-element_type=\"container\" data-settings=\"{&quot;content_width&quot;:&quot;boxed&quot;}\">\n\t\t\t\t\t<div class=\"e-con-inner\">\n\t\t\t\t<div class=\"elementor-element elementor-element-569de9b elementor-widget elementor-widget-menu-anchor\" data-id=\"569de9b\" data-element_type=\"widget\" data-widget_type=\"menu-anchor.default\">\n\t\t\t\t<div class=\"elementor-widget-container\">\n\t\t\t<style>\/*! elementor - v3.11.3 - 07-03-2023 *\/\nbody.elementor-page .elementor-widget-menu-anchor{margin-bottom:0}<\/style>\t\t<div id=\"about\" class=\"elementor-menu-anchor\"><\/div>\n\t\t\t\t<\/div>\n\t\t\t\t<\/div>\n\t\t\t\t\t<\/div>\n\t\t\t\t<\/div>\n\t\t<div class=\"elementor-element elementor-element-d2e0a73 e-con-boxed e-con\" data-id=\"d2e0a73\" data-element_type=\"container\" data-settings=\"{&quot;content_width&quot;:&quot;boxed&quot;}\">\n\t\t\t\t\t<div class=\"e-con-inner\">\n\t\t<div class=\"elementor-element elementor-element-ec54aec e-con-full e-con\" data-id=\"ec54aec\" data-element_type=\"container\" data-settings=\"{&quot;content_width&quot;:&quot;full&quot;}\">\n\t\t\t\t<div class=\"elementor-element elementor-element-b5cacab elementor-widget elementor-widget-heading\" data-id=\"b5cacab\" data-element_type=\"widget\" data-widget_type=\"heading.default\">\n\t\t\t\t<div class=\"elementor-widget-container\">\n\t\t\t<h2 class=\"elementor-heading-title elementor-size-default\">\u00c0 propos<\/h2>\t\t<\/div>\n\t\t\t\t<\/div>\n\t\t\t\t<div class=\"elementor-element elementor-element-93d167a elementor-widget-divider--view-line elementor-widget elementor-widget-divider\" data-id=\"93d167a\" data-element_type=\"widget\" data-widget_type=\"divider.default\">\n\t\t\t\t<div class=\"elementor-widget-container\">\n\t\t\t<style>\/*! elementor - v3.11.3 - 07-03-2023 *\/\n.elementor-widget-divider{--divider-border-style:none;--divider-border-width:1px;--divider-color:#2c2c2c;--divider-icon-size:20px;--divider-element-spacing:10px;--divider-pattern-height:24px;--divider-pattern-size:20px;--divider-pattern-url:none;--divider-pattern-repeat:repeat-x}.elementor-widget-divider .elementor-divider{display:flex}.elementor-widget-divider .elementor-divider__text{font-size:15px;line-height:1;max-width:95%}.elementor-widget-divider .elementor-divider__element{margin:0 var(--divider-element-spacing);flex-shrink:0}.elementor-widget-divider .elementor-icon{font-size:var(--divider-icon-size)}.elementor-widget-divider .elementor-divider-separator{display:flex;margin:0;direction:ltr}.elementor-widget-divider--view-line_icon .elementor-divider-separator,.elementor-widget-divider--view-line_text .elementor-divider-separator{align-items:center}.elementor-widget-divider--view-line_icon .elementor-divider-separator:after,.elementor-widget-divider--view-line_icon .elementor-divider-separator:before,.elementor-widget-divider--view-line_text .elementor-divider-separator:after,.elementor-widget-divider--view-line_text .elementor-divider-separator:before{display:block;content:\"\";border-bottom:0;flex-grow:1;border-top:var(--divider-border-width) var(--divider-border-style) var(--divider-color)}.elementor-widget-divider--element-align-left .elementor-divider .elementor-divider-separator>.elementor-divider__svg:first-of-type{flex-grow:0;flex-shrink:100}.elementor-widget-divider--element-align-left .elementor-divider-separator:before{content:none}.elementor-widget-divider--element-align-left .elementor-divider__element{margin-left:0}.elementor-widget-divider--element-align-right .elementor-divider .elementor-divider-separator>.elementor-divider__svg:last-of-type{flex-grow:0;flex-shrink:100}.elementor-widget-divider--element-align-right .elementor-divider-separator:after{content:none}.elementor-widget-divider--element-align-right .elementor-divider__element{margin-right:0}.elementor-widget-divider:not(.elementor-widget-divider--view-line_text):not(.elementor-widget-divider--view-line_icon) .elementor-divider-separator{border-top:var(--divider-border-width) var(--divider-border-style) var(--divider-color)}.elementor-widget-divider--separator-type-pattern{--divider-border-style:none}.elementor-widget-divider--separator-type-pattern.elementor-widget-divider--view-line .elementor-divider-separator,.elementor-widget-divider--separator-type-pattern:not(.elementor-widget-divider--view-line) .elementor-divider-separator:after,.elementor-widget-divider--separator-type-pattern:not(.elementor-widget-divider--view-line) .elementor-divider-separator:before,.elementor-widget-divider--separator-type-pattern:not([class*=elementor-widget-divider--view]) .elementor-divider-separator{width:100%;min-height:var(--divider-pattern-height);-webkit-mask-size:var(--divider-pattern-size) 100%;mask-size:var(--divider-pattern-size) 100%;-webkit-mask-repeat:var(--divider-pattern-repeat);mask-repeat:var(--divider-pattern-repeat);background-color:var(--divider-color);-webkit-mask-image:var(--divider-pattern-url);mask-image:var(--divider-pattern-url)}.elementor-widget-divider--no-spacing{--divider-pattern-size:auto}.elementor-widget-divider--bg-round{--divider-pattern-repeat:round}.rtl .elementor-widget-divider .elementor-divider__text{direction:rtl}.e-con-inner>.elementor-widget-divider,.e-con>.elementor-widget-divider{width:var(--container-widget-width,100%);--flex-grow:var(--container-widget-flex-grow)}<\/style>\t\t<div class=\"elementor-divider\">\n\t\t\t<span class=\"elementor-divider-separator\">\n\t\t\t\t\t\t<\/span>\n\t\t<\/div>\n\t\t\t\t<\/div>\n\t\t\t\t<\/div>\n\t\t\t\t<div class=\"elementor-element elementor-element-bf1843b elementor-widget elementor-widget-text-editor\" data-id=\"bf1843b\" data-element_type=\"widget\" data-widget_type=\"text-editor.default\">\n\t\t\t\t<div class=\"elementor-widget-container\">\n\t\t\t\t\t\t\t<p>Partout en Europe, la population vieillit avec une \u00e9norme capacit\u00e9 intellectuelle, une \u00e9norme exp\u00e9rience dans divers domaines d'activit\u00e9 mais qui est confront\u00e9e \u00e0 une gestion harassante des fins de carri\u00e8re qui ne favorise pas l'employabilit\u00e9 des seniors. Nous croyons fermement qu'il est temps d'apporter des ressources et des outils p\u00e9dagogiques aux seniors pour qu'ils puissent affronter cette transition num\u00e9rique et \u00eatre capables d'entreprendre<\/p>\t\t\t\t\t\t<\/div>\n\t\t\t\t<\/div>\n\t\t\t\t<\/div>\n\t\t<div class=\"elementor-element elementor-element-39af780 e-con-full e-con\" data-id=\"39af780\" data-element_type=\"container\" data-settings=\"{&quot;content_width&quot;:&quot;full&quot;}\">\n\t\t\t\t<div class=\"elementor-element elementor-element-e4fbb21 elementor-widget elementor-widget-image\" data-id=\"e4fbb21\" data-element_type=\"widget\" data-widget_type=\"image.default\">\n\t\t\t\t<div class=\"elementor-widget-container\">\n\t\t\t\t\t\t\t\t\t\t\t\t\t\t\t<img loading=\"lazy\" decoding=\"async\" width=\"640\" height=\"640\" src=\"http:\/\/mooc.senexia.eu\/wp-content\/uploads\/2023\/03\/40273-woman-reviewing-apps-1.gif\" class=\"attachment-large size-large wp-image-53\" alt=\"\" \/>\t\t\t\t\t\t\t\t\t\t\t\t\t\t\t<\/div>\n\t\t\t\t<\/div>\n\t\t\t\t<\/div>\n\t\t\t\t\t<\/div>\n\t\t\t\t<\/div>\n\t\t<div class=\"elementor-element elementor-element-3a3e885 e-con-boxed e-con\" data-id=\"3a3e885\" data-element_type=\"container\" data-settings=\"{&quot;content_width&quot;:&quot;boxed&quot;}\">\n\t\t\t\t\t<div class=\"e-con-inner\">\n\t\t\t\t<div class=\"elementor-element elementor-element-802744f elementor-widget elementor-widget-menu-anchor\" data-id=\"802744f\" data-element_type=\"widget\" data-widget_type=\"menu-anchor.default\">\n\t\t\t\t<div class=\"elementor-widget-container\">\n\t\t\t\t\t<div id=\"iq1\" class=\"elementor-menu-anchor\"><\/div>\n\t\t\t\t<\/div>\n\t\t\t\t<\/div>\n\t\t\t\t\t<\/div>\n\t\t\t\t<\/div>\n\t\t<div class=\"elementor-element elementor-element-f6834de e-con-boxed e-con\" data-id=\"f6834de\" data-element_type=\"container\" data-settings=\"{&quot;background_background&quot;:&quot;classic&quot;,&quot;content_width&quot;:&quot;boxed&quot;}\">\n\t\t\t\t\t<div class=\"e-con-inner\">\n\t\t<div class=\"elementor-element elementor-element-c9800b5 e-con-full e-con\" data-id=\"c9800b5\" data-element_type=\"container\" data-settings=\"{&quot;content_width&quot;:&quot;full&quot;}\">\n\t\t<div class=\"elementor-element elementor-element-0ad5e3a e-con-full e-con\" data-id=\"0ad5e3a\" data-element_type=\"container\" data-settings=\"{&quot;content_width&quot;:&quot;full&quot;}\">\n\t\t\t\t<div class=\"elementor-element elementor-element-b5c4d0b elementor-widget elementor-widget-heading\" data-id=\"b5c4d0b\" data-element_type=\"widget\" data-widget_type=\"heading.default\">\n\t\t\t\t<div class=\"elementor-widget-container\">\n\t\t\t<h2 class=\"elementor-heading-title elementor-size-default\">Programme de formation<\/h2>\t\t<\/div>\n\t\t\t\t<\/div>\n\t\t\t\t<\/div>\n\t\t\t\t<div class=\"elementor-element elementor-element-5cc2601 elementor-widget elementor-widget-heading\" data-id=\"5cc2601\" data-element_type=\"widget\" data-widget_type=\"heading.default\">\n\t\t\t\t<div class=\"elementor-widget-container\">\n\t\t\t<h2 class=\"elementor-heading-title elementor-size-default\">Ce programme est d\u00e9velopp\u00e9 pour soutenir la transformation de l'entrepreneuriat traditionnel \u00e0 l'entrepreneuriat num\u00e9rique\n<\/h2>\t\t<\/div>\n\t\t\t\t<\/div>\n\t\t\t\t<div class=\"elementor-element elementor-element-e389ba7 elementor-widget-divider--view-line elementor-widget elementor-widget-divider\" data-id=\"e389ba7\" data-element_type=\"widget\" data-widget_type=\"divider.default\">\n\t\t\t\t<div class=\"elementor-widget-container\">\n\t\t\t\t\t<div class=\"elementor-divider\">\n\t\t\t<span class=\"elementor-divider-separator\">\n\t\t\t\t\t\t<\/span>\n\t\t<\/div>\n\t\t\t\t<\/div>\n\t\t\t\t<\/div>\n\t\t\t\t<div class=\"elementor-element elementor-element-90aa985 elementor-widget elementor-widget-shortcode\" data-id=\"90aa985\" data-element_type=\"widget\" data-widget_type=\"shortcode.default\">\n\t\t\t\t<div class=\"elementor-widget-container\">\n\t\t\t\t\t<div class=\"elementor-shortcode\"><div class=\"_df_book df-lite\" id=\"df_2402\"  data-title=\"pr1-ppt-fr\" _slug=\"pr1-ppt-fr\" wpoptions=\"true\" thumbtype=\"bg\" ><p class=\"df-raw-loading\">Please wait while flipbook is loading. For more related info, FAQs and issues please refer to <a href=\"https:\/\/wordpress.org\/plugins\/3d-flipbook-dflip-lite\/#installation\">DearFlip WordPress Flipbook Plugin Help<\/a> documentation.<\/p><\/div><script class=\"df-shortcode-script\" type=\"application\/javascript\">window.option_df_2402 = {\"outline\":[],\"forceFit\":\"true\",\"autoEnableOutline\":\"false\",\"autoEnableThumbnail\":\"false\",\"overwritePDFOutline\":\"false\",\"direction\":\"1\",\"pageSize\":\"0\",\"source\":\"http:\\\/\\\/mooc.senexia.eu\\\/wp-content\\\/uploads\\\/2024\\\/01\\\/SENEXIA-PPR1-Training-course-online-Modules-1-6-final-rev.-1-FR.pdf\",\"wpOptions\":\"true\"}; if(window.DFLIP && window.DFLIP.parseBooks){window.DFLIP.parseBooks();}<\/script><\/div>\n\t\t\t\t<\/div>\n\t\t\t\t<\/div>\n\t\t\t\t<div class=\"elementor-element elementor-element-bb86a31 elementor-widget elementor-widget-shortcode\" data-id=\"bb86a31\" data-element_type=\"widget\" data-widget_type=\"shortcode.default\">\n\t\t\t\t<div class=\"elementor-widget-container\">\n\t\t\t\t\t<div class=\"elementor-shortcode\"><div class=\"_df_book df-lite\" id=\"df_2382\"  data-title=\"pr1-word-files-fr\" _slug=\"pr1-word-files-fr\" wpoptions=\"true\" thumbtype=\"bg\" ><p class=\"df-raw-loading\">Please wait while flipbook is loading. For more related info, FAQs and issues please refer to <a href=\"https:\/\/wordpress.org\/plugins\/3d-flipbook-dflip-lite\/#installation\">DearFlip WordPress Flipbook Plugin Help<\/a> documentation.<\/p><\/div><script class=\"df-shortcode-script\" type=\"application\/javascript\">window.option_df_2382 = {\"outline\":[],\"forceFit\":\"true\",\"autoEnableOutline\":\"false\",\"autoEnableThumbnail\":\"false\",\"overwritePDFOutline\":\"false\",\"direction\":\"1\",\"pageSize\":\"0\",\"source\":\"http:\\\/\\\/mooc.senexia.eu\\\/wp-content\\\/uploads\\\/2024\\\/01\\\/SENEXIA-Training-courses-Fr-.pdf\",\"wpOptions\":\"true\"}; if(window.DFLIP && window.DFLIP.parseBooks){window.DFLIP.parseBooks();}<\/script><\/div>\n\t\t\t\t<\/div>\n\t\t\t\t<\/div>\n\t\t\t\t<div class=\"elementor-element elementor-element-2d21ec1 elementor-widget elementor-widget-text-editor\" data-id=\"2d21ec1\" data-element_type=\"widget\" data-widget_type=\"text-editor.default\">\n\t\t\t\t<div class=\"elementor-widget-container\">\n\t\t\t\t\t\t\t<p><strong>Module 1 - Litt\u00e9ratie num\u00e9rique<\/strong><\/p>\n<p><span style=\"color: var( --e-global-color-text ); font-family: var( --e-global-typography-text-font-family ), Sans-serif; font-weight: var( --e-global-typography-text-font-weight ); text-align: var(--text-align); font-size: 1rem;\">Ce module fournit du contenu sur la navigation en ligne, la recherche sur Internet, le partage de fichiers et la s\u00e9curit\u00e9 num\u00e9rique.<\/span><\/p>\n<p><\/p>\n<p><strong>Module 2 - Apprentissage et formation num\u00e9riques<\/strong><br>Ce module couvre les connaissances de base et factuelles de l'importance de l'apprentissage et de la formation num\u00e9riques \u00e0 l'\u00e8re technologique et les connaissances pratiques des plateformes pour am\u00e9liorer les comp\u00e9tences en litt\u00e9ratie num\u00e9rique<\/p>\n<p><\/p>\n<p><strong>Module 3 \u2013 Les outils num\u00e9riques en entreprise<\/strong><br>Ce module identifie les plateformes de marketing fondamentales et num\u00e9riques pour am\u00e9liorer la capacit\u00e9 des seniors \u00e0 g\u00e9rer leur activit\u00e9 en ligne par le biais de r\u00e9unions et de prospection num\u00e9rique.<\/p>\n<p><\/p>\n<p><strong>Module 4 \u2013 Marketing num\u00e9rique et communication<\/strong><br>Utilisez ce module pour obtenir des informations vous permettant d'aborder en toute confiance votre propre d\u00e9veloppement marketing. Vous apprendrez \u00e0 d\u00e9velopper vos propres innovations marketing, pr\u00eates \u00e0 les mettre en \u0153uvre au sein de votre propre entreprise. Dans cette innovation, vous allez cr\u00e9er des cibles exploitables pour une direction claire et apprendre \u00e0 identifier votre public cible pour augmenter la conversion. \u00c0 la fin de ce module, vous aurez les comp\u00e9tences et la confiance n\u00e9cessaires pour cr\u00e9er, d\u00e9ployer et surveiller votre contenu de marketing num\u00e9rique.<\/p>\n<p><\/p>\n<p><strong>Module 5 \u2013 Cr\u00e9ation d'une entreprise en ligne<\/strong><br>Dans ce module, nous allons vous montrer comment planifier une boutique en ligne. Nous vous expliquerons les premi\u00e8res \u00e9tapes importantes et vous proposerons diff\u00e9rentes options techniques pour mettre en place votre propre boutique en ligne.<\/p>\n<p><\/p>\n<p><strong>Module 6 - Exploitation d'une entreprise en ligne<\/strong><br>Apprendre \u00e0 g\u00e9rer votre entreprise en ligne est le meilleur moyen de garantir le succ\u00e8s de votre entreprise. G\u00e9rer votre entreprise signifie non seulement g\u00e9rer votre argent et vos risques, mais aussi vos propres capacit\u00e9s et comp\u00e9tences. Prendre le temps d'acqu\u00e9rir de nouvelles comp\u00e9tences num\u00e9riques et de g\u00e9rer votre argent et vos risques vous permettra de devenir un propri\u00e9taire et un leader d'entreprise en ligne prosp\u00e8re ! Dans ce module, vous apprendrez : Comment cr\u00e9er un plan d'affaires ; L'importance de la gestion financi\u00e8re et de l'\u00e9valuation des risques ; Comment investir en vous pour am\u00e9liorer votre entreprise ; et, L'importance de maintenir votre sant\u00e9 et votre niveau de stress lorsque vous exploitez une entreprise en ligne.<\/p>\t\t\t\t\t\t<\/div>\n\t\t\t\t<\/div>\n\t\t<div class=\"elementor-element elementor-element-672b0eb e-con-full e-con\" data-id=\"672b0eb\" data-element_type=\"container\" data-settings=\"{&quot;content_width&quot;:&quot;full&quot;}\">\n\t\t\t\t<div class=\"elementor-element elementor-element-34bb370 elementor-widget elementor-widget-heading\" data-id=\"34bb370\" data-element_type=\"widget\" data-widget_type=\"heading.default\">\n\t\t\t\t<div class=\"elementor-widget-container\">\n\t\t\t<h2 class=\"elementor-heading-title elementor-size-default\">Kit d'infographie<\/h2>\t\t<\/div>\n\t\t\t\t<\/div>\n\t\t\t\t<\/div>\n\t\t\t\t<div class=\"elementor-element elementor-element-ecbeab0 elementor-widget elementor-widget-text-editor\" data-id=\"ecbeab0\" data-element_type=\"widget\" data-widget_type=\"text-editor.default\">\n\t\t\t\t<div class=\"elementor-widget-container\">\n\t\t\t\t\t\t\t<p>Un kit de ressources infographiques pour aider \u00e0 pr\u00e9parer num\u00e9riquement les seniors \u00e0 l'entrepreneuriat et au travail ind\u00e9pendant. Les ressources infographiques sont interactives et n\u00e9cessitent des comp\u00e9tences num\u00e9riques. Le kit est une bo\u00eete \u00e0 outils compos\u00e9e de 30 infographies interactives (5 par pays) sur le th\u00e8me de la pr\u00e9paration num\u00e9rique fournissant un cadre appropri\u00e9 et efficace pour d\u00e9velopper des comp\u00e9tences num\u00e9riques cl\u00e9s pour les apprenants adultes seniors et les entrepreneurs seniors. Chaque infographie est un ensemble de 4 \u00e9l\u00e9ments :\u00a0<\/p><p>\u00a0<\/p><p>\u2013 Une vid\u00e9o introductive\/explicative pour pr\u00e9senter le sujet abord\u00e9 dans l'infographie interactive et d\u00e9crire le contexte des ressources num\u00e9riques contenues dans l'affiche.<\/p><p>\u2013 Un quiz interactif ou un test bas\u00e9 sur un puzzle <span style=\"color: var( --e-global-color-text ); font-family: var( --e-global-typography-text-font-family ), Sans-serif; font-weight: var( --e-global-typography-text-font-weight ); text-align: var(--text-align); font-size: 1rem;\">based test<\/span><\/p><p class=\" translation-block\">\u2013 Une ressource d'apprentissage bas\u00e9e sur des d\u00e9fis num\u00e9riques qui comprendra jusqu'\u00e0 4 d\u00e9fis individuels pour d\u00e9velopper des comp\u00e9tences cl\u00e9s ou une WebQuest<\/p><p class=\" translation-block\">\u2013 Un appel \u00e0 l'action, cet \u00e9l\u00e9ment invitera les entrepreneurs seniors de chaque pays partenaire \u00e0 entreprendre une activit\u00e9 li\u00e9e \u00e0 l'entreprise pour progresser tout au long de leur parcours entrepreneurial.<\/p>\t\t\t\t\t\t<\/div>\n\t\t\t\t<\/div>\n\t\t<div class=\"elementor-element elementor-element-64a92e0 e-con-full e-con\" data-id=\"64a92e0\" data-element_type=\"container\" data-settings=\"{&quot;content_width&quot;:&quot;full&quot;}\">\n\t\t\t\t<div class=\"elementor-element elementor-element-279fd01 elementor-widget elementor-widget-heading\" data-id=\"279fd01\" data-element_type=\"widget\" data-widget_type=\"heading.default\">\n\t\t\t\t<div class=\"elementor-widget-container\">\n\t\t\t<h2 class=\"elementor-heading-title elementor-size-default\">\u00c9tudes de cas \/ Vid\u00e9os<\/h2>\t\t<\/div>\n\t\t\t\t<\/div>\n\t\t\t\t<\/div>\n\t\t\t\t<div class=\"elementor-element elementor-element-0c84613 elementor-widget elementor-widget-text-editor\" data-id=\"0c84613\" data-element_type=\"widget\" data-widget_type=\"text-editor.default\">\n\t\t\t\t<div class=\"elementor-widget-container\">\n\t\t\t\t\t\t\t<p class=\" translation-block\">Des histoires courtes (vid\u00e9os) seront d\u00e9velopp\u00e9es au cours du projet. Ces vid\u00e9os nous permettront de lancer une campagne de sensibilisation aupr\u00e8s du grand public des pays partenaires, luttant contre les st\u00e9r\u00e9otypes et les probl\u00e8mes de vieillissement de la soci\u00e9t\u00e9.<\/p>\t\t\t\t\t\t<\/div>\n\t\t\t\t<\/div>\n\t\t\t\t<\/div>\n\t\t\t\t\t<\/div>\n\t\t\t\t<\/div>\n\t\t\t\t\t\t\t<\/div>","protected":false},"excerpt":{"rendered":"<p>Welcome to the SENEXIA MOOC Promoting Senior&#8217;s employment and self employment Get Started About Us Everywhere in Europe, the population is aging with an enormous intellectual capacity, an enormous experience in various fields of activity but which is confronted with a harassing management of the end of career which does not promote the employability of [&hellip;]<\/p>","protected":false},"author":1,"featured_media":0,"parent":0,"menu_order":0,"comment_status":"closed","ping_status":"closed","template":"elementor_header_footer","meta":{"footnotes":""},"class_list":["post-41","page","type-page","status-publish","hentry"],"_links":{"self":[{"href":"http:\/\/mooc.senexia.eu\/fr\/wp-json\/wp\/v2\/pages\/41","targetHints":{"allow":["GET"]}}],"collection":[{"href":"http:\/\/mooc.senexia.eu\/fr\/wp-json\/wp\/v2\/pages"}],"about":[{"href":"http:\/\/mooc.senexia.eu\/fr\/wp-json\/wp\/v2\/types\/page"}],"author":[{"embeddable":true,"href":"http:\/\/mooc.senexia.eu\/fr\/wp-json\/wp\/v2\/users\/1"}],"replies":[{"embeddable":true,"href":"http:\/\/mooc.senexia.eu\/fr\/wp-json\/wp\/v2\/comments?post=41"}],"version-history":[{"count":178,"href":"http:\/\/mooc.senexia.eu\/fr\/wp-json\/wp\/v2\/pages\/41\/revisions"}],"predecessor-version":[{"id":2414,"href":"http:\/\/mooc.senexia.eu\/fr\/wp-json\/wp\/v2\/pages\/41\/revisions\/2414"}],"wp:attachment":[{"href":"http:\/\/mooc.senexia.eu\/fr\/wp-json\/wp\/v2\/media?parent=41"}],"curies":[{"name":"wp","href":"https:\/\/api.w.org\/{rel}","templated":true}]}}