{"id":41,"date":"2023-03-06T19:39:41","date_gmt":"2023-03-06T19:39:41","guid":{"rendered":"http:\/\/vps424140.ovh.net:8081\/?page_id=41"},"modified":"2024-01-08T23:45:11","modified_gmt":"2024-01-08T23:45:11","slug":"home","status":"publish","type":"page","link":"http:\/\/mooc.senexia.eu\/fi\/","title":{"rendered":"Etusivu"},"content":{"rendered":"<div data-elementor-type=\"wp-page\" data-elementor-id=\"41\" class=\"elementor elementor-41\">\n\t\t\t\t\t\t\t<div class=\"elementor-element elementor-element-1128d23 e-con-boxed e-con\" data-id=\"1128d23\" data-element_type=\"container\" data-settings=\"{&quot;background_background&quot;:&quot;classic&quot;,&quot;shape_divider_bottom&quot;:&quot;tilt&quot;,&quot;content_width&quot;:&quot;boxed&quot;}\">\n\t\t\t\t\t<div class=\"e-con-inner\">\n\t\t\t\t<div class=\"elementor-shape elementor-shape-bottom\" data-negative=\"false\">\n\t\t\t<svg xmlns=\"http:\/\/www.w3.org\/2000\/svg\" viewbox=\"0 0 1000 100\" preserveaspectratio=\"none\">\n\t<path class=\"elementor-shape-fill\" d=\"M0,6V0h1000v100L0,6z\"\/>\n<\/svg>\t\t<\/div>\n\t\t<div class=\"elementor-element elementor-element-0f96e3d e-con-full e-con\" data-id=\"0f96e3d\" data-element_type=\"container\" data-settings=\"{&quot;content_width&quot;:&quot;full&quot;}\">\n\t\t\t\t<div class=\"elementor-element elementor-element-5eb2910 elementor-widget elementor-widget-heading\" data-id=\"5eb2910\" data-element_type=\"widget\" data-widget_type=\"heading.default\">\n\t\t\t\t<div class=\"elementor-widget-container\">\n\t\t\t<style>\/*! elementor - v3.11.3 - 07-03-2023 *\/\n.elementor-heading-title{padding:0;margin:0;line-height:1}.elementor-widget-heading .elementor-heading-title[class*=elementor-size-]>a{color:inherit;font-size:inherit;line-height:inherit}.elementor-widget-heading .elementor-heading-title.elementor-size-small{font-size:15px}.elementor-widget-heading .elementor-heading-title.elementor-size-medium{font-size:19px}.elementor-widget-heading .elementor-heading-title.elementor-size-large{font-size:29px}.elementor-widget-heading .elementor-heading-title.elementor-size-xl{font-size:39px}.elementor-widget-heading .elementor-heading-title.elementor-size-xxl{font-size:59px}<\/style><h2 class=\"elementor-heading-title elementor-size-default\">Tervetuloa <\/h2>\t\t<\/div>\n\t\t\t\t<\/div>\n\t\t\t\t<div class=\"elementor-element elementor-element-91bffbb elementor-widget elementor-widget-heading\" data-id=\"91bffbb\" data-element_type=\"widget\" data-widget_type=\"heading.default\">\n\t\t\t\t<div class=\"elementor-widget-container\">\n\t\t\t<h2 class=\"elementor-heading-title elementor-size-default\">SENEXIA <br> MOOC<\/h2>\t\t<\/div>\n\t\t\t\t<\/div>\n\t\t\t\t<div class=\"elementor-element elementor-element-55b1ca4 elementor-widget elementor-widget-text-editor\" data-id=\"55b1ca4\" data-element_type=\"widget\" data-widget_type=\"text-editor.default\">\n\t\t\t\t<div class=\"elementor-widget-container\">\n\t\t\t<style>\/*! elementor - v3.11.3 - 07-03-2023 *\/\n.elementor-widget-text-editor.elementor-drop-cap-view-stacked .elementor-drop-cap{background-color:#818a91;color:#fff}.elementor-widget-text-editor.elementor-drop-cap-view-framed .elementor-drop-cap{color:#818a91;border:3px solid;background-color:transparent}.elementor-widget-text-editor:not(.elementor-drop-cap-view-default) .elementor-drop-cap{margin-top:8px}.elementor-widget-text-editor:not(.elementor-drop-cap-view-default) .elementor-drop-cap-letter{width:1em;height:1em}.elementor-widget-text-editor .elementor-drop-cap{float:left;text-align:center;line-height:1;font-size:50px}.elementor-widget-text-editor .elementor-drop-cap-letter{display:inline-block}<\/style>\t\t\t\t<p>Senioreiden ty\u00f6llistymisen ja yritt\u00e4jyyden edist\u00e4minen<\/p>\t\t\t\t\t\t<\/div>\n\t\t\t\t<\/div>\n\t\t\t\t<div class=\"elementor-element elementor-element-8d4199f elementor-widget elementor-widget-button\" data-id=\"8d4199f\" data-element_type=\"widget\" data-widget_type=\"button.default\">\n\t\t\t\t<div class=\"elementor-widget-container\">\n\t\t\t\t\t<div class=\"elementor-button-wrapper\">\n\t\t\t<a href=\"#\" class=\"elementor-button-link elementor-button elementor-size-lg\" role=\"button\">\n\t\t\t\t\t\t<span class=\"elementor-button-content-wrapper\">\n\t\t\t\t\t\t<span class=\"elementor-button-text\">Aloitetaan!<\/span>\n\t\t<\/span>\n\t\t\t\t\t<\/a>\n\t\t<\/div>\n\t\t\t\t<\/div>\n\t\t\t\t<\/div>\n\t\t\t\t<\/div>\n\t\t<div class=\"elementor-element elementor-element-724780d e-con-full e-con\" data-id=\"724780d\" data-element_type=\"container\" data-settings=\"{&quot;content_width&quot;:&quot;full&quot;}\">\n\t\t\t\t<div class=\"elementor-element elementor-element-aaf0c5d elementor-widget elementor-widget-image\" data-id=\"aaf0c5d\" data-element_type=\"widget\" data-widget_type=\"image.default\">\n\t\t\t\t<div class=\"elementor-widget-container\">\n\t\t\t<style>\/*! elementor - v3.11.3 - 07-03-2023 *\/\n.elementor-widget-image{text-align:center}.elementor-widget-image a{display:inline-block}.elementor-widget-image a img[src$=\".svg\"]{width:48px}.elementor-widget-image img{vertical-align:middle;display:inline-block}<\/style>\t\t\t\t\t\t\t\t\t\t\t\t<img loading=\"lazy\" decoding=\"async\" width=\"708\" height=\"284\" src=\"http:\/\/mooc.senexia.eu\/wp-content\/uploads\/2023\/03\/SENEXIA-Design-Logo-removebg-preview.png\" class=\"attachment-full size-full wp-image-49\" alt=\"\" srcset=\"http:\/\/mooc.senexia.eu\/wp-content\/uploads\/2023\/03\/SENEXIA-Design-Logo-removebg-preview.png 708w, http:\/\/mooc.senexia.eu\/wp-content\/uploads\/2023\/03\/SENEXIA-Design-Logo-removebg-preview-300x120.png 300w\" sizes=\"auto, (max-width: 708px) 100vw, 708px\" \/>\t\t\t\t\t\t\t\t\t\t\t\t\t\t\t<\/div>\n\t\t\t\t<\/div>\n\t\t\t\t<\/div>\n\t\t\t\t\t<\/div>\n\t\t\t\t<\/div>\n\t\t<div class=\"elementor-element elementor-element-e8601c3 e-con-boxed e-con\" data-id=\"e8601c3\" data-element_type=\"container\" data-settings=\"{&quot;content_width&quot;:&quot;boxed&quot;}\">\n\t\t\t\t\t<div class=\"e-con-inner\">\n\t\t\t\t<div class=\"elementor-element elementor-element-569de9b elementor-widget elementor-widget-menu-anchor\" data-id=\"569de9b\" data-element_type=\"widget\" data-widget_type=\"menu-anchor.default\">\n\t\t\t\t<div class=\"elementor-widget-container\">\n\t\t\t<style>\/*! elementor - v3.11.3 - 07-03-2023 *\/\nbody.elementor-page .elementor-widget-menu-anchor{margin-bottom:0}<\/style>\t\t<div id=\"about\" class=\"elementor-menu-anchor\"><\/div>\n\t\t\t\t<\/div>\n\t\t\t\t<\/div>\n\t\t\t\t\t<\/div>\n\t\t\t\t<\/div>\n\t\t<div class=\"elementor-element elementor-element-d2e0a73 e-con-boxed e-con\" data-id=\"d2e0a73\" data-element_type=\"container\" data-settings=\"{&quot;content_width&quot;:&quot;boxed&quot;}\">\n\t\t\t\t\t<div class=\"e-con-inner\">\n\t\t<div class=\"elementor-element elementor-element-ec54aec e-con-full e-con\" data-id=\"ec54aec\" data-element_type=\"container\" data-settings=\"{&quot;content_width&quot;:&quot;full&quot;}\">\n\t\t\t\t<div class=\"elementor-element elementor-element-b5cacab elementor-widget elementor-widget-heading\" data-id=\"b5cacab\" data-element_type=\"widget\" data-widget_type=\"heading.default\">\n\t\t\t\t<div class=\"elementor-widget-container\">\n\t\t\t<h2 class=\"elementor-heading-title elementor-size-default\">Taustaa<\/h2>\t\t<\/div>\n\t\t\t\t<\/div>\n\t\t\t\t<div class=\"elementor-element elementor-element-93d167a elementor-widget-divider--view-line elementor-widget elementor-widget-divider\" data-id=\"93d167a\" data-element_type=\"widget\" data-widget_type=\"divider.default\">\n\t\t\t\t<div class=\"elementor-widget-container\">\n\t\t\t<style>\/*! elementor - v3.11.3 - 07-03-2023 *\/\n.elementor-widget-divider{--divider-border-style:none;--divider-border-width:1px;--divider-color:#2c2c2c;--divider-icon-size:20px;--divider-element-spacing:10px;--divider-pattern-height:24px;--divider-pattern-size:20px;--divider-pattern-url:none;--divider-pattern-repeat:repeat-x}.elementor-widget-divider .elementor-divider{display:flex}.elementor-widget-divider .elementor-divider__text{font-size:15px;line-height:1;max-width:95%}.elementor-widget-divider .elementor-divider__element{margin:0 var(--divider-element-spacing);flex-shrink:0}.elementor-widget-divider .elementor-icon{font-size:var(--divider-icon-size)}.elementor-widget-divider .elementor-divider-separator{display:flex;margin:0;direction:ltr}.elementor-widget-divider--view-line_icon .elementor-divider-separator,.elementor-widget-divider--view-line_text .elementor-divider-separator{align-items:center}.elementor-widget-divider--view-line_icon .elementor-divider-separator:after,.elementor-widget-divider--view-line_icon .elementor-divider-separator:before,.elementor-widget-divider--view-line_text .elementor-divider-separator:after,.elementor-widget-divider--view-line_text .elementor-divider-separator:before{display:block;content:\"\";border-bottom:0;flex-grow:1;border-top:var(--divider-border-width) var(--divider-border-style) var(--divider-color)}.elementor-widget-divider--element-align-left .elementor-divider .elementor-divider-separator>.elementor-divider__svg:first-of-type{flex-grow:0;flex-shrink:100}.elementor-widget-divider--element-align-left .elementor-divider-separator:before{content:none}.elementor-widget-divider--element-align-left .elementor-divider__element{margin-left:0}.elementor-widget-divider--element-align-right .elementor-divider .elementor-divider-separator>.elementor-divider__svg:last-of-type{flex-grow:0;flex-shrink:100}.elementor-widget-divider--element-align-right .elementor-divider-separator:after{content:none}.elementor-widget-divider--element-align-right .elementor-divider__element{margin-right:0}.elementor-widget-divider:not(.elementor-widget-divider--view-line_text):not(.elementor-widget-divider--view-line_icon) .elementor-divider-separator{border-top:var(--divider-border-width) var(--divider-border-style) var(--divider-color)}.elementor-widget-divider--separator-type-pattern{--divider-border-style:none}.elementor-widget-divider--separator-type-pattern.elementor-widget-divider--view-line .elementor-divider-separator,.elementor-widget-divider--separator-type-pattern:not(.elementor-widget-divider--view-line) .elementor-divider-separator:after,.elementor-widget-divider--separator-type-pattern:not(.elementor-widget-divider--view-line) .elementor-divider-separator:before,.elementor-widget-divider--separator-type-pattern:not([class*=elementor-widget-divider--view]) .elementor-divider-separator{width:100%;min-height:var(--divider-pattern-height);-webkit-mask-size:var(--divider-pattern-size) 100%;mask-size:var(--divider-pattern-size) 100%;-webkit-mask-repeat:var(--divider-pattern-repeat);mask-repeat:var(--divider-pattern-repeat);background-color:var(--divider-color);-webkit-mask-image:var(--divider-pattern-url);mask-image:var(--divider-pattern-url)}.elementor-widget-divider--no-spacing{--divider-pattern-size:auto}.elementor-widget-divider--bg-round{--divider-pattern-repeat:round}.rtl .elementor-widget-divider .elementor-divider__text{direction:rtl}.e-con-inner>.elementor-widget-divider,.e-con>.elementor-widget-divider{width:var(--container-widget-width,100%);--flex-grow:var(--container-widget-flex-grow)}<\/style>\t\t<div class=\"elementor-divider\">\n\t\t\t<span class=\"elementor-divider-separator\">\n\t\t\t\t\t\t<\/span>\n\t\t<\/div>\n\t\t\t\t<\/div>\n\t\t\t\t<\/div>\n\t\t\t\t<div class=\"elementor-element elementor-element-bf1843b elementor-widget elementor-widget-text-editor\" data-id=\"bf1843b\" data-element_type=\"widget\" data-widget_type=\"text-editor.default\">\n\t\t\t\t<div class=\"elementor-widget-container\">\n\t\t\t\t\t\t\t<p>V\u00e4est\u00f6 ik\u00e4\u00e4ntyy kaikkialla Euroopassa. Sill\u00e4 on valtava \u00e4lyllinen kapasiteetti ja kokemus eri aloilta, mutta ty\u00f6uran p\u00e4\u00e4ttyess\u00e4 saattaa tapahtua asioita, jotka vaikuttavat kielteisesti uran jatkumiseen esim. digitaalisen ymp\u00e4rist\u00f6n kehittyminen. Haluamme osaltamme tarjota senioreille koulutusta, jotta he voivat halutessaan jatkaa ty\u00f6uraansa digihaasteista huolimatta.<\/p>\t\t\t\t\t\t<\/div>\n\t\t\t\t<\/div>\n\t\t\t\t<\/div>\n\t\t<div class=\"elementor-element elementor-element-39af780 e-con-full e-con\" data-id=\"39af780\" data-element_type=\"container\" data-settings=\"{&quot;content_width&quot;:&quot;full&quot;}\">\n\t\t\t\t<div class=\"elementor-element elementor-element-e4fbb21 elementor-widget elementor-widget-image\" data-id=\"e4fbb21\" data-element_type=\"widget\" data-widget_type=\"image.default\">\n\t\t\t\t<div class=\"elementor-widget-container\">\n\t\t\t\t\t\t\t\t\t\t\t\t\t\t\t<img loading=\"lazy\" decoding=\"async\" width=\"640\" height=\"640\" src=\"http:\/\/mooc.senexia.eu\/wp-content\/uploads\/2023\/03\/40273-woman-reviewing-apps-1.gif\" class=\"attachment-large size-large wp-image-53\" alt=\"\" \/>\t\t\t\t\t\t\t\t\t\t\t\t\t\t\t<\/div>\n\t\t\t\t<\/div>\n\t\t\t\t<\/div>\n\t\t\t\t\t<\/div>\n\t\t\t\t<\/div>\n\t\t<div class=\"elementor-element elementor-element-3a3e885 e-con-boxed e-con\" data-id=\"3a3e885\" data-element_type=\"container\" data-settings=\"{&quot;content_width&quot;:&quot;boxed&quot;}\">\n\t\t\t\t\t<div class=\"e-con-inner\">\n\t\t\t\t<div class=\"elementor-element elementor-element-802744f elementor-widget elementor-widget-menu-anchor\" data-id=\"802744f\" data-element_type=\"widget\" data-widget_type=\"menu-anchor.default\">\n\t\t\t\t<div class=\"elementor-widget-container\">\n\t\t\t\t\t<div id=\"iq1\" class=\"elementor-menu-anchor\"><\/div>\n\t\t\t\t<\/div>\n\t\t\t\t<\/div>\n\t\t\t\t\t<\/div>\n\t\t\t\t<\/div>\n\t\t<div class=\"elementor-element elementor-element-f6834de e-con-boxed e-con\" data-id=\"f6834de\" data-element_type=\"container\" data-settings=\"{&quot;background_background&quot;:&quot;classic&quot;,&quot;content_width&quot;:&quot;boxed&quot;}\">\n\t\t\t\t\t<div class=\"e-con-inner\">\n\t\t<div class=\"elementor-element elementor-element-c9800b5 e-con-full e-con\" data-id=\"c9800b5\" data-element_type=\"container\" data-settings=\"{&quot;content_width&quot;:&quot;full&quot;}\">\n\t\t<div class=\"elementor-element elementor-element-0ad5e3a e-con-full e-con\" data-id=\"0ad5e3a\" data-element_type=\"container\" data-settings=\"{&quot;content_width&quot;:&quot;full&quot;}\">\n\t\t\t\t<div class=\"elementor-element elementor-element-b5c4d0b elementor-widget elementor-widget-heading\" data-id=\"b5c4d0b\" data-element_type=\"widget\" data-widget_type=\"heading.default\">\n\t\t\t\t<div class=\"elementor-widget-container\">\n\t\t\t<h2 class=\"elementor-heading-title elementor-size-default\">Koulutusohjelma<\/h2>\t\t<\/div>\n\t\t\t\t<\/div>\n\t\t\t\t<\/div>\n\t\t\t\t<div class=\"elementor-element elementor-element-5cc2601 elementor-widget elementor-widget-heading\" data-id=\"5cc2601\" data-element_type=\"widget\" data-widget_type=\"heading.default\">\n\t\t\t\t<div class=\"elementor-widget-container\">\n\t\t\t<h2 class=\"elementor-heading-title elementor-size-default\">T\u00e4m\u00e4 ohjelma pyrkii tukemaan muutosta perinteisest\u00e4 yritt\u00e4jyydest\u00e4 digitaaliseen yritt\u00e4jyyteen.\n<\/h2>\t\t<\/div>\n\t\t\t\t<\/div>\n\t\t\t\t<div class=\"elementor-element elementor-element-e389ba7 elementor-widget-divider--view-line elementor-widget elementor-widget-divider\" data-id=\"e389ba7\" data-element_type=\"widget\" data-widget_type=\"divider.default\">\n\t\t\t\t<div class=\"elementor-widget-container\">\n\t\t\t\t\t<div class=\"elementor-divider\">\n\t\t\t<span class=\"elementor-divider-separator\">\n\t\t\t\t\t\t<\/span>\n\t\t<\/div>\n\t\t\t\t<\/div>\n\t\t\t\t<\/div>\n\t\t\t\t<div class=\"elementor-element elementor-element-90aa985 elementor-widget elementor-widget-shortcode\" data-id=\"90aa985\" data-element_type=\"widget\" data-widget_type=\"shortcode.default\">\n\t\t\t\t<div class=\"elementor-widget-container\">\n\t\t\t\t\t<div class=\"elementor-shortcode\"><div class=\"_df_book df-lite\" id=\"df_2396\"  data-title=\"pr1-ppt-fi\" _slug=\"pr1-ppt-fi\" wpoptions=\"true\" thumbtype=\"bg\" ><p class=\"df-raw-loading\">Please wait while flipbook is loading. For more related info, FAQs and issues please refer to <a href=\"https:\/\/wordpress.org\/plugins\/3d-flipbook-dflip-lite\/#installation\">DearFlip WordPress Flipbook Plugin Help<\/a> documentation.<\/p><\/div><script class=\"df-shortcode-script\" type=\"application\/javascript\">window.option_df_2396 = {\"outline\":[],\"forceFit\":\"true\",\"autoEnableOutline\":\"false\",\"autoEnableThumbnail\":\"false\",\"overwritePDFOutline\":\"false\",\"direction\":\"1\",\"pageSize\":\"0\",\"source\":\"http:\\\/\\\/mooc.senexia.eu\\\/wp-content\\\/uploads\\\/2024\\\/01\\\/SENEXIA-PPR1-Training-course-online-Modules-1-6-final-rev.-1-FI.pptx.pdf\",\"wpOptions\":\"true\"}; if(window.DFLIP && window.DFLIP.parseBooks){window.DFLIP.parseBooks();}<\/script><\/div>\n\t\t\t\t<\/div>\n\t\t\t\t<\/div>\n\t\t\t\t<div class=\"elementor-element elementor-element-bb86a31 elementor-widget elementor-widget-shortcode\" data-id=\"bb86a31\" data-element_type=\"widget\" data-widget_type=\"shortcode.default\">\n\t\t\t\t<div class=\"elementor-widget-container\">\n\t\t\t\t\t<div class=\"elementor-shortcode\"><div class=\"_df_book df-lite\" id=\"df_2373\"  data-title=\"pr1-word-files-fi\" _slug=\"pr1-word-files-fi\" wpoptions=\"true\" thumbtype=\"bg\" ><p class=\"df-raw-loading\">Please wait while flipbook is loading. For more related info, FAQs and issues please refer to <a href=\"https:\/\/wordpress.org\/plugins\/3d-flipbook-dflip-lite\/#installation\">DearFlip WordPress Flipbook Plugin Help<\/a> documentation.<\/p><\/div><script class=\"df-shortcode-script\" type=\"application\/javascript\">window.option_df_2373 = {\"outline\":[],\"forceFit\":\"true\",\"autoEnableOutline\":\"false\",\"autoEnableThumbnail\":\"false\",\"overwritePDFOutline\":\"false\",\"direction\":\"1\",\"pageSize\":\"0\",\"source\":\"http:\\\/\\\/mooc.senexia.eu\\\/wp-content\\\/uploads\\\/2024\\\/01\\\/SENEXIA-training-course-FI.pdf\",\"wpOptions\":\"true\"}; if(window.DFLIP && window.DFLIP.parseBooks){window.DFLIP.parseBooks();}<\/script><\/div>\n\t\t\t\t<\/div>\n\t\t\t\t<\/div>\n\t\t\t\t<div class=\"elementor-element elementor-element-2d21ec1 elementor-widget elementor-widget-text-editor\" data-id=\"2d21ec1\" data-element_type=\"widget\" data-widget_type=\"text-editor.default\">\n\t\t\t\t<div class=\"elementor-widget-container\">\n\t\t\t\t\t\t\t<p><strong>Moduuli 1 - Digitaalinen lukutaito<\/strong><\/p>\n<p><span style=\"color: var( --e-global-color-text ); font-family: var( --e-global-typography-text-font-family ), Sans-serif; font-weight: var( --e-global-typography-text-font-weight ); text-align: var(--text-align); font-size: 1rem;\">T\u00e4m\u00e4 moduuli tarjoaa sis\u00e4lt\u00f6\u00e4 siit\u00e4, miten navigoida, tehd\u00e4 hakuja ja jakaa tiedostoja verkossa sek\u00e4 digitaalisesta turvallisuudesta.<\/span><\/p>\n<p><\/p>\n<p><strong>Moduuli 2 - Digitaalinen oppiminen ja koulutus<\/strong><br>T\u00e4m\u00e4 moduuli kertoo digitaalisesta oppimisesta ja koulutuksesta meneill\u00e4\u00e4n olevalla teknologian aikakaudella sek\u00e4 k\u00e4yt\u00e4nn\u00f6n tietoja alustoista, joilla voidaan parantaa digilukutaitoa.<\/p>\n<p><\/p>\n<p><strong>Moduuli 3 - Digitaaliset ty\u00f6kalut liiketoiminnassa<\/strong><br>T\u00e4ss\u00e4 moduulissa esitell\u00e4\u00e4n erilaisia verkossa toimivia digitaalisia kokous- ja markkinointisovelluksia, joilla parannetaan verkkoliiketoiminnan hallintaa.<\/p>\n<p><\/p>\n<p><strong>Moduuli 4 - Digitaalinen markkinointi ja viestint\u00e4<\/strong><br>T\u00e4m\u00e4n moduulin avulla saat n\u00e4kemyksi\u00e4, joiden avulla voit luottavaisesti tarttua oman markkinointisi kehitt\u00e4miseen. Opit kehitt\u00e4m\u00e4\u00e4n markkinointi-innovaatioita, joita voit toteuttaa yrityksess\u00e4si. P\u00e4\u00e4set lu9omaan toiminnallisia tavoitteita selke\u00e4\u00e4 suuntaa varten ja opit tunnistamaan mahdolliset asiakkaasi. Moduuli opettaa sinulle taitoja luoda, ottaa k\u00e4ytt\u00f6\u00f6n ja toteuttaa digitaalista markkinointia.<\/p>\n<p><\/p>\n<p><strong>Moduuli 5 - Verkkoliiketoiminnan luominen<\/strong><br>T\u00e4ss\u00e4 moduulissa n\u00e4yt\u00e4mme, miten verkkokaupan suunnittelu onnistuu. Selit\u00e4mme ensimm\u00e4iset t\u00e4rke\u00e4t vaiheet ja tarjoamme sinulle erilaisia teknisi\u00e4 vaihtoehtoja oman verkkokaupan ottamiseksi k\u00e4ytt\u00f6\u00f6n.<\/p>\n<p><\/p>\n<p><strong>Moduuli 6 - Verkkokaupan hallinta<\/strong><br>Verkkoliiketoiminnan hallinnan opetteleminen on paras tapa varmistaa, ett\u00e4 liiketoimintasi menestyy. Liiketoiminnan hallinnointi tarkoittaa rahan ja riskien hallinnan lis\u00e4ksi my\u00f6s omien kykyjesi ja taitojesi hallintaa. K\u00e4ytt\u00e4m\u00e4ll\u00e4 aikaasi uusien digitaalisten taitojen oppimiseen sek\u00e4 rahan ja riskien hallintaan, sinusta voi tulla menestyv\u00e4 verkkoliiketoiminnan harjoittaja! T\u00e4ss\u00e4 moduulissa opit: Kuinka luoda liiketoimintasuunnitelma; Rahoituksen hallinnan ja riskien arvioinnin merkitys; Kuinka investoida itseesi liiketoimintasi parantamiseksi. Lopuksi kerromme, kuinka t\u00e4rke\u00e4\u00e4 on olla hyv\u00e4ss\u00e4 fyysisess\u00e4 ja henkisess\u00e4 kunnossa yritt\u00e4misess\u00e4 yleens\u00e4 ja erikseen verkkoliiketoiminnassa.<\/p>\t\t\t\t\t\t<\/div>\n\t\t\t\t<\/div>\n\t\t<div class=\"elementor-element elementor-element-672b0eb e-con-full e-con\" data-id=\"672b0eb\" data-element_type=\"container\" data-settings=\"{&quot;content_width&quot;:&quot;full&quot;}\">\n\t\t\t\t<div class=\"elementor-element elementor-element-34bb370 elementor-widget elementor-widget-heading\" data-id=\"34bb370\" data-element_type=\"widget\" data-widget_type=\"heading.default\">\n\t\t\t\t<div class=\"elementor-widget-container\">\n\t\t\t<h2 class=\"elementor-heading-title elementor-size-default\">Infografiikkasarja<\/h2>\t\t<\/div>\n\t\t\t\t<\/div>\n\t\t\t\t<\/div>\n\t\t\t\t<div class=\"elementor-element elementor-element-ecbeab0 elementor-widget elementor-widget-text-editor\" data-id=\"ecbeab0\" data-element_type=\"widget\" data-widget_type=\"text-editor.default\">\n\t\t\t\t<div class=\"elementor-widget-container\">\n\t\t\t\t\t\t\t<p>Infografiikat kertovat digitaalisesti yritt\u00e4jyydest\u00e4 ja\/tai ammatinharjoittamisesta. Interaktiiviset infografiikat edellytt\u00e4v\u00e4t digitaitoja. Infografiikoita on kaikkiaan 30, ja ne k\u00e4sittelev\u00e4t digivalmiuksia ja tarjoavat asiankohtaisia ja tehokkaita vinkkej\u00e4 keskeisten digitaitojen kehitt\u00e4miseksi senioriopiskelijoille ja -yritt\u00e4jille.\u00a0<\/p><p>\u00a0<\/p><p>- Johdantovideo, jossa esitell\u00e4\u00e4n k\u00e4sitelty aihe ja kuvataan julisteen sis\u00e4lt\u00e4mi\u00e4 digitaalisia resursseja.<\/p><p>- Interaktiivinen tietokilpailu tai monivalintatesti <span style=\"color: var( --e-global-color-text ); font-family: var( --e-global-typography-text-font-family ), Sans-serif; font-weight: var( --e-global-typography-text-font-weight ); text-align: var(--text-align); font-size: 1rem;\">based test<\/span><\/p><p class=\" translation-block\">- Digitaalinen toimintapeli, haasteisiin perustuva oppimisresurssi, joka sis\u00e4lt\u00e4\u00e4 enint\u00e4\u00e4n joko 4 yksitt\u00e4ist\u00e4 teht\u00e4v\u00e4\u00e4 avaintaitojen kehitt\u00e4miseksi tai nettikyselyn.<\/p><p class=\" translation-block\">- Toimintakehotus pyyt\u00e4\u00e4 senioreja ryhtym\u00e4\u00e4n toimenpiteisiin liiketoimintansa kehitt\u00e4miseksi<\/p>\t\t\t\t\t\t<\/div>\n\t\t\t\t<\/div>\n\t\t<div class=\"elementor-element elementor-element-64a92e0 e-con-full e-con\" data-id=\"64a92e0\" data-element_type=\"container\" data-settings=\"{&quot;content_width&quot;:&quot;full&quot;}\">\n\t\t\t\t<div class=\"elementor-element elementor-element-279fd01 elementor-widget elementor-widget-heading\" data-id=\"279fd01\" data-element_type=\"widget\" data-widget_type=\"heading.default\">\n\t\t\t\t<div class=\"elementor-widget-container\">\n\t\t\t<h2 class=\"elementor-heading-title elementor-size-default\">Tapaustutkimukset \/ videot<\/h2>\t\t<\/div>\n\t\t\t\t<\/div>\n\t\t\t\t<\/div>\n\t\t\t\t<div class=\"elementor-element elementor-element-0c84613 elementor-widget elementor-widget-text-editor\" data-id=\"0c84613\" data-element_type=\"widget\" data-widget_type=\"text-editor.default\">\n\t\t\t\t<div class=\"elementor-widget-container\">\n\t\t\t\t\t\t\t<p class=\" translation-block\">Hankkeen videot kertovat seniorien ty\u00f6- ja yritt\u00e4jyyskokemuksista. Pyrimme niiden avulla torjumaan ik\u00e4\u00e4ntymiseen liittyvi\u00e4 stereotypioita ty\u00f6llistymisess\u00e4.<\/p>\t\t\t\t\t\t<\/div>\n\t\t\t\t<\/div>\n\t\t\t\t<\/div>\n\t\t\t\t\t<\/div>\n\t\t\t\t<\/div>\n\t\t\t\t\t\t\t<\/div>","protected":false},"excerpt":{"rendered":"<p>Welcome to the SENEXIA MOOC Promoting Senior&#8217;s employment and self employment Get Started About Us Everywhere in Europe, the population is aging with an enormous intellectual capacity, an enormous experience in various fields of activity but which is confronted with a harassing management of the end of career which does not promote the employability of [&hellip;]<\/p>","protected":false},"author":1,"featured_media":0,"parent":0,"menu_order":0,"comment_status":"closed","ping_status":"closed","template":"elementor_header_footer","meta":{"footnotes":""},"class_list":["post-41","page","type-page","status-publish","hentry"],"_links":{"self":[{"href":"http:\/\/mooc.senexia.eu\/fi\/wp-json\/wp\/v2\/pages\/41","targetHints":{"allow":["GET"]}}],"collection":[{"href":"http:\/\/mooc.senexia.eu\/fi\/wp-json\/wp\/v2\/pages"}],"about":[{"href":"http:\/\/mooc.senexia.eu\/fi\/wp-json\/wp\/v2\/types\/page"}],"author":[{"embeddable":true,"href":"http:\/\/mooc.senexia.eu\/fi\/wp-json\/wp\/v2\/users\/1"}],"replies":[{"embeddable":true,"href":"http:\/\/mooc.senexia.eu\/fi\/wp-json\/wp\/v2\/comments?post=41"}],"version-history":[{"count":178,"href":"http:\/\/mooc.senexia.eu\/fi\/wp-json\/wp\/v2\/pages\/41\/revisions"}],"predecessor-version":[{"id":2414,"href":"http:\/\/mooc.senexia.eu\/fi\/wp-json\/wp\/v2\/pages\/41\/revisions\/2414"}],"wp:attachment":[{"href":"http:\/\/mooc.senexia.eu\/fi\/wp-json\/wp\/v2\/media?parent=41"}],"curies":[{"name":"wp","href":"https:\/\/api.w.org\/{rel}","templated":true}]}}