{"id":41,"date":"2023-03-06T19:39:41","date_gmt":"2023-03-06T19:39:41","guid":{"rendered":"http:\/\/vps424140.ovh.net:8081\/?page_id=41"},"modified":"2024-01-08T23:45:11","modified_gmt":"2024-01-08T23:45:11","slug":"home","status":"publish","type":"page","link":"http:\/\/mooc.senexia.eu\/de\/","title":{"rendered":"Startseite"},"content":{"rendered":"<div data-elementor-type=\"wp-page\" data-elementor-id=\"41\" class=\"elementor elementor-41\">\n\t\t\t\t\t\t\t<div class=\"elementor-element elementor-element-1128d23 e-con-boxed e-con\" data-id=\"1128d23\" data-element_type=\"container\" data-settings=\"{&quot;background_background&quot;:&quot;classic&quot;,&quot;shape_divider_bottom&quot;:&quot;tilt&quot;,&quot;content_width&quot;:&quot;boxed&quot;}\">\n\t\t\t\t\t<div class=\"e-con-inner\">\n\t\t\t\t<div class=\"elementor-shape elementor-shape-bottom\" data-negative=\"false\">\n\t\t\t<svg xmlns=\"http:\/\/www.w3.org\/2000\/svg\" viewbox=\"0 0 1000 100\" preserveaspectratio=\"none\">\n\t<path class=\"elementor-shape-fill\" d=\"M0,6V0h1000v100L0,6z\"\/>\n<\/svg>\t\t<\/div>\n\t\t<div class=\"elementor-element elementor-element-0f96e3d e-con-full e-con\" data-id=\"0f96e3d\" data-element_type=\"container\" data-settings=\"{&quot;content_width&quot;:&quot;full&quot;}\">\n\t\t\t\t<div class=\"elementor-element elementor-element-5eb2910 elementor-widget elementor-widget-heading\" data-id=\"5eb2910\" data-element_type=\"widget\" data-widget_type=\"heading.default\">\n\t\t\t\t<div class=\"elementor-widget-container\">\n\t\t\t<style>\/*! elementor - v3.11.3 - 07-03-2023 *\/\n.elementor-heading-title{padding:0;margin:0;line-height:1}.elementor-widget-heading .elementor-heading-title[class*=elementor-size-]>a{color:inherit;font-size:inherit;line-height:inherit}.elementor-widget-heading .elementor-heading-title.elementor-size-small{font-size:15px}.elementor-widget-heading .elementor-heading-title.elementor-size-medium{font-size:19px}.elementor-widget-heading .elementor-heading-title.elementor-size-large{font-size:29px}.elementor-widget-heading .elementor-heading-title.elementor-size-xl{font-size:39px}.elementor-widget-heading .elementor-heading-title.elementor-size-xxl{font-size:59px}<\/style><h2 class=\"elementor-heading-title elementor-size-default\">Willkommen zum <\/h2>\t\t<\/div>\n\t\t\t\t<\/div>\n\t\t\t\t<div class=\"elementor-element elementor-element-91bffbb elementor-widget elementor-widget-heading\" data-id=\"91bffbb\" data-element_type=\"widget\" data-widget_type=\"heading.default\">\n\t\t\t\t<div class=\"elementor-widget-container\">\n\t\t\t<h2 class=\"elementor-heading-title elementor-size-default\">SENEXIA <br> MOOC<\/h2>\t\t<\/div>\n\t\t\t\t<\/div>\n\t\t\t\t<div class=\"elementor-element elementor-element-55b1ca4 elementor-widget elementor-widget-text-editor\" data-id=\"55b1ca4\" data-element_type=\"widget\" data-widget_type=\"text-editor.default\">\n\t\t\t\t<div class=\"elementor-widget-container\">\n\t\t\t<style>\/*! elementor - v3.11.3 - 07-03-2023 *\/\n.elementor-widget-text-editor.elementor-drop-cap-view-stacked .elementor-drop-cap{background-color:#818a91;color:#fff}.elementor-widget-text-editor.elementor-drop-cap-view-framed .elementor-drop-cap{color:#818a91;border:3px solid;background-color:transparent}.elementor-widget-text-editor:not(.elementor-drop-cap-view-default) .elementor-drop-cap{margin-top:8px}.elementor-widget-text-editor:not(.elementor-drop-cap-view-default) .elementor-drop-cap-letter{width:1em;height:1em}.elementor-widget-text-editor .elementor-drop-cap{float:left;text-align:center;line-height:1;font-size:50px}.elementor-widget-text-editor .elementor-drop-cap-letter{display:inline-block}<\/style>\t\t\t\t<p>F\u00f6rderung von wirtschaftlicher selbst\u00e4ndigkeit und unternehmertum von senior*innen<\/p>\t\t\t\t\t\t<\/div>\n\t\t\t\t<\/div>\n\t\t\t\t<div class=\"elementor-element elementor-element-8d4199f elementor-widget elementor-widget-button\" data-id=\"8d4199f\" data-element_type=\"widget\" data-widget_type=\"button.default\">\n\t\t\t\t<div class=\"elementor-widget-container\">\n\t\t\t\t\t<div class=\"elementor-button-wrapper\">\n\t\t\t<a href=\"#\" class=\"elementor-button-link elementor-button elementor-size-lg\" role=\"button\">\n\t\t\t\t\t\t<span class=\"elementor-button-content-wrapper\">\n\t\t\t\t\t\t<span class=\"elementor-button-text\">Beginnen Sie jetzt!<\/span>\n\t\t<\/span>\n\t\t\t\t\t<\/a>\n\t\t<\/div>\n\t\t\t\t<\/div>\n\t\t\t\t<\/div>\n\t\t\t\t<\/div>\n\t\t<div class=\"elementor-element elementor-element-724780d e-con-full e-con\" data-id=\"724780d\" data-element_type=\"container\" data-settings=\"{&quot;content_width&quot;:&quot;full&quot;}\">\n\t\t\t\t<div class=\"elementor-element elementor-element-aaf0c5d elementor-widget elementor-widget-image\" data-id=\"aaf0c5d\" data-element_type=\"widget\" data-widget_type=\"image.default\">\n\t\t\t\t<div class=\"elementor-widget-container\">\n\t\t\t<style>\/*! elementor - v3.11.3 - 07-03-2023 *\/\n.elementor-widget-image{text-align:center}.elementor-widget-image a{display:inline-block}.elementor-widget-image a img[src$=\".svg\"]{width:48px}.elementor-widget-image img{vertical-align:middle;display:inline-block}<\/style>\t\t\t\t\t\t\t\t\t\t\t\t<img loading=\"lazy\" decoding=\"async\" width=\"708\" height=\"284\" src=\"http:\/\/mooc.senexia.eu\/wp-content\/uploads\/2023\/03\/SENEXIA-Design-Logo-removebg-preview.png\" class=\"attachment-full size-full wp-image-49\" alt=\"\" srcset=\"http:\/\/mooc.senexia.eu\/wp-content\/uploads\/2023\/03\/SENEXIA-Design-Logo-removebg-preview.png 708w, http:\/\/mooc.senexia.eu\/wp-content\/uploads\/2023\/03\/SENEXIA-Design-Logo-removebg-preview-300x120.png 300w\" sizes=\"auto, (max-width: 708px) 100vw, 708px\" \/>\t\t\t\t\t\t\t\t\t\t\t\t\t\t\t<\/div>\n\t\t\t\t<\/div>\n\t\t\t\t<\/div>\n\t\t\t\t\t<\/div>\n\t\t\t\t<\/div>\n\t\t<div class=\"elementor-element elementor-element-e8601c3 e-con-boxed e-con\" data-id=\"e8601c3\" data-element_type=\"container\" data-settings=\"{&quot;content_width&quot;:&quot;boxed&quot;}\">\n\t\t\t\t\t<div class=\"e-con-inner\">\n\t\t\t\t<div class=\"elementor-element elementor-element-569de9b elementor-widget elementor-widget-menu-anchor\" data-id=\"569de9b\" data-element_type=\"widget\" data-widget_type=\"menu-anchor.default\">\n\t\t\t\t<div class=\"elementor-widget-container\">\n\t\t\t<style>\/*! elementor - v3.11.3 - 07-03-2023 *\/\nbody.elementor-page .elementor-widget-menu-anchor{margin-bottom:0}<\/style>\t\t<div id=\"about\" class=\"elementor-menu-anchor\"><\/div>\n\t\t\t\t<\/div>\n\t\t\t\t<\/div>\n\t\t\t\t\t<\/div>\n\t\t\t\t<\/div>\n\t\t<div class=\"elementor-element elementor-element-d2e0a73 e-con-boxed e-con\" data-id=\"d2e0a73\" data-element_type=\"container\" data-settings=\"{&quot;content_width&quot;:&quot;boxed&quot;}\">\n\t\t\t\t\t<div class=\"e-con-inner\">\n\t\t<div class=\"elementor-element elementor-element-ec54aec e-con-full e-con\" data-id=\"ec54aec\" data-element_type=\"container\" data-settings=\"{&quot;content_width&quot;:&quot;full&quot;}\">\n\t\t\t\t<div class=\"elementor-element elementor-element-b5cacab elementor-widget elementor-widget-heading\" data-id=\"b5cacab\" data-element_type=\"widget\" data-widget_type=\"heading.default\">\n\t\t\t\t<div class=\"elementor-widget-container\">\n\t\t\t<h2 class=\"elementor-heading-title elementor-size-default\">\u00dcber<\/h2>\t\t<\/div>\n\t\t\t\t<\/div>\n\t\t\t\t<div class=\"elementor-element elementor-element-93d167a elementor-widget-divider--view-line elementor-widget elementor-widget-divider\" data-id=\"93d167a\" data-element_type=\"widget\" data-widget_type=\"divider.default\">\n\t\t\t\t<div class=\"elementor-widget-container\">\n\t\t\t<style>\/*! elementor - v3.11.3 - 07-03-2023 *\/\n.elementor-widget-divider{--divider-border-style:none;--divider-border-width:1px;--divider-color:#2c2c2c;--divider-icon-size:20px;--divider-element-spacing:10px;--divider-pattern-height:24px;--divider-pattern-size:20px;--divider-pattern-url:none;--divider-pattern-repeat:repeat-x}.elementor-widget-divider .elementor-divider{display:flex}.elementor-widget-divider .elementor-divider__text{font-size:15px;line-height:1;max-width:95%}.elementor-widget-divider .elementor-divider__element{margin:0 var(--divider-element-spacing);flex-shrink:0}.elementor-widget-divider .elementor-icon{font-size:var(--divider-icon-size)}.elementor-widget-divider .elementor-divider-separator{display:flex;margin:0;direction:ltr}.elementor-widget-divider--view-line_icon .elementor-divider-separator,.elementor-widget-divider--view-line_text .elementor-divider-separator{align-items:center}.elementor-widget-divider--view-line_icon .elementor-divider-separator:after,.elementor-widget-divider--view-line_icon .elementor-divider-separator:before,.elementor-widget-divider--view-line_text .elementor-divider-separator:after,.elementor-widget-divider--view-line_text .elementor-divider-separator:before{display:block;content:\"\";border-bottom:0;flex-grow:1;border-top:var(--divider-border-width) var(--divider-border-style) var(--divider-color)}.elementor-widget-divider--element-align-left .elementor-divider .elementor-divider-separator>.elementor-divider__svg:first-of-type{flex-grow:0;flex-shrink:100}.elementor-widget-divider--element-align-left .elementor-divider-separator:before{content:none}.elementor-widget-divider--element-align-left .elementor-divider__element{margin-left:0}.elementor-widget-divider--element-align-right .elementor-divider .elementor-divider-separator>.elementor-divider__svg:last-of-type{flex-grow:0;flex-shrink:100}.elementor-widget-divider--element-align-right .elementor-divider-separator:after{content:none}.elementor-widget-divider--element-align-right .elementor-divider__element{margin-right:0}.elementor-widget-divider:not(.elementor-widget-divider--view-line_text):not(.elementor-widget-divider--view-line_icon) .elementor-divider-separator{border-top:var(--divider-border-width) var(--divider-border-style) var(--divider-color)}.elementor-widget-divider--separator-type-pattern{--divider-border-style:none}.elementor-widget-divider--separator-type-pattern.elementor-widget-divider--view-line .elementor-divider-separator,.elementor-widget-divider--separator-type-pattern:not(.elementor-widget-divider--view-line) .elementor-divider-separator:after,.elementor-widget-divider--separator-type-pattern:not(.elementor-widget-divider--view-line) .elementor-divider-separator:before,.elementor-widget-divider--separator-type-pattern:not([class*=elementor-widget-divider--view]) .elementor-divider-separator{width:100%;min-height:var(--divider-pattern-height);-webkit-mask-size:var(--divider-pattern-size) 100%;mask-size:var(--divider-pattern-size) 100%;-webkit-mask-repeat:var(--divider-pattern-repeat);mask-repeat:var(--divider-pattern-repeat);background-color:var(--divider-color);-webkit-mask-image:var(--divider-pattern-url);mask-image:var(--divider-pattern-url)}.elementor-widget-divider--no-spacing{--divider-pattern-size:auto}.elementor-widget-divider--bg-round{--divider-pattern-repeat:round}.rtl .elementor-widget-divider .elementor-divider__text{direction:rtl}.e-con-inner>.elementor-widget-divider,.e-con>.elementor-widget-divider{width:var(--container-widget-width,100%);--flex-grow:var(--container-widget-flex-grow)}<\/style>\t\t<div class=\"elementor-divider\">\n\t\t\t<span class=\"elementor-divider-separator\">\n\t\t\t\t\t\t<\/span>\n\t\t<\/div>\n\t\t\t\t<\/div>\n\t\t\t\t<\/div>\n\t\t\t\t<div class=\"elementor-element elementor-element-bf1843b elementor-widget elementor-widget-text-editor\" data-id=\"bf1843b\" data-element_type=\"widget\" data-widget_type=\"text-editor.default\">\n\t\t\t\t<div class=\"elementor-widget-container\">\n\t\t\t\t\t\t\t<p>\u00dcberall in Europa altert die Bev\u00f6lkerung mit einer enormen intellektuellen Kapazit\u00e4t, einer enormen Erfahrung in verschiedenen T\u00e4tigkeitsbereichen, die jedoch mit einem schikan\u00f6sen Management des Karriereendes konfrontiert ist, das die Besch\u00e4ftigungsf\u00e4higkeit der Senioren nicht f\u00f6rdert. Wir sind der festen \u00dcberzeugung, dass es an der Zeit ist, den Senioren Bildungsressourcen und -instrumente zur Verf\u00fcgung zu stellen, damit sie sich diesem digitalen Wandel stellen und ihn bew\u00e4ltigen k\u00f6nnen.<\/p>\t\t\t\t\t\t<\/div>\n\t\t\t\t<\/div>\n\t\t\t\t<\/div>\n\t\t<div class=\"elementor-element elementor-element-39af780 e-con-full e-con\" data-id=\"39af780\" data-element_type=\"container\" data-settings=\"{&quot;content_width&quot;:&quot;full&quot;}\">\n\t\t\t\t<div class=\"elementor-element elementor-element-e4fbb21 elementor-widget elementor-widget-image\" data-id=\"e4fbb21\" data-element_type=\"widget\" data-widget_type=\"image.default\">\n\t\t\t\t<div class=\"elementor-widget-container\">\n\t\t\t\t\t\t\t\t\t\t\t\t\t\t\t<img loading=\"lazy\" decoding=\"async\" width=\"640\" height=\"640\" src=\"http:\/\/mooc.senexia.eu\/wp-content\/uploads\/2023\/03\/40273-woman-reviewing-apps-1.gif\" class=\"attachment-large size-large wp-image-53\" alt=\"\" \/>\t\t\t\t\t\t\t\t\t\t\t\t\t\t\t<\/div>\n\t\t\t\t<\/div>\n\t\t\t\t<\/div>\n\t\t\t\t\t<\/div>\n\t\t\t\t<\/div>\n\t\t<div class=\"elementor-element elementor-element-3a3e885 e-con-boxed e-con\" data-id=\"3a3e885\" data-element_type=\"container\" data-settings=\"{&quot;content_width&quot;:&quot;boxed&quot;}\">\n\t\t\t\t\t<div class=\"e-con-inner\">\n\t\t\t\t<div class=\"elementor-element elementor-element-802744f elementor-widget elementor-widget-menu-anchor\" data-id=\"802744f\" data-element_type=\"widget\" data-widget_type=\"menu-anchor.default\">\n\t\t\t\t<div class=\"elementor-widget-container\">\n\t\t\t\t\t<div id=\"iq1\" class=\"elementor-menu-anchor\"><\/div>\n\t\t\t\t<\/div>\n\t\t\t\t<\/div>\n\t\t\t\t\t<\/div>\n\t\t\t\t<\/div>\n\t\t<div class=\"elementor-element elementor-element-f6834de e-con-boxed e-con\" data-id=\"f6834de\" data-element_type=\"container\" data-settings=\"{&quot;background_background&quot;:&quot;classic&quot;,&quot;content_width&quot;:&quot;boxed&quot;}\">\n\t\t\t\t\t<div class=\"e-con-inner\">\n\t\t<div class=\"elementor-element elementor-element-c9800b5 e-con-full e-con\" data-id=\"c9800b5\" data-element_type=\"container\" data-settings=\"{&quot;content_width&quot;:&quot;full&quot;}\">\n\t\t<div class=\"elementor-element elementor-element-0ad5e3a e-con-full e-con\" data-id=\"0ad5e3a\" data-element_type=\"container\" data-settings=\"{&quot;content_width&quot;:&quot;full&quot;}\">\n\t\t\t\t<div class=\"elementor-element elementor-element-b5c4d0b elementor-widget elementor-widget-heading\" data-id=\"b5c4d0b\" data-element_type=\"widget\" data-widget_type=\"heading.default\">\n\t\t\t\t<div class=\"elementor-widget-container\">\n\t\t\t<h2 class=\"elementor-heading-title elementor-size-default\">Schulungsprogramm<\/h2>\t\t<\/div>\n\t\t\t\t<\/div>\n\t\t\t\t<\/div>\n\t\t\t\t<div class=\"elementor-element elementor-element-5cc2601 elementor-widget elementor-widget-heading\" data-id=\"5cc2601\" data-element_type=\"widget\" data-widget_type=\"heading.default\">\n\t\t\t\t<div class=\"elementor-widget-container\">\n\t\t\t<h2 class=\"elementor-heading-title elementor-size-default\">Dieses Programm wurde entwickelt, um den \u00dcbergang vom traditionellen Unternehmertum zum digitalen Unternehmertum zu unterst\u00fctzen\n<\/h2>\t\t<\/div>\n\t\t\t\t<\/div>\n\t\t\t\t<div class=\"elementor-element elementor-element-e389ba7 elementor-widget-divider--view-line elementor-widget elementor-widget-divider\" data-id=\"e389ba7\" data-element_type=\"widget\" data-widget_type=\"divider.default\">\n\t\t\t\t<div class=\"elementor-widget-container\">\n\t\t\t\t\t<div class=\"elementor-divider\">\n\t\t\t<span class=\"elementor-divider-separator\">\n\t\t\t\t\t\t<\/span>\n\t\t<\/div>\n\t\t\t\t<\/div>\n\t\t\t\t<\/div>\n\t\t\t\t<div class=\"elementor-element elementor-element-90aa985 elementor-widget elementor-widget-shortcode\" data-id=\"90aa985\" data-element_type=\"widget\" data-widget_type=\"shortcode.default\">\n\t\t\t\t<div class=\"elementor-widget-container\">\n\t\t\t\t\t<div class=\"elementor-shortcode\"><div class=\"_df_book df-lite\" id=\"df_2390\"  data-title=\"pr1-ppt-de\" _slug=\"pr1-ppt-de\" wpoptions=\"true\" thumbtype=\"bg\" ><p class=\"df-raw-loading\">Please wait while flipbook is loading. For more related info, FAQs and issues please refer to <a href=\"https:\/\/wordpress.org\/plugins\/3d-flipbook-dflip-lite\/#installation\">DearFlip WordPress Flipbook Plugin Help<\/a> documentation.<\/p><\/div><script class=\"df-shortcode-script\" type=\"application\/javascript\">window.option_df_2390 = {\"outline\":[],\"forceFit\":\"true\",\"autoEnableOutline\":\"false\",\"autoEnableThumbnail\":\"false\",\"overwritePDFOutline\":\"false\",\"direction\":\"1\",\"pageSize\":\"0\",\"source\":\"http:\\\/\\\/mooc.senexia.eu\\\/wp-content\\\/uploads\\\/2024\\\/01\\\/SENEXIA-PPR1-Training-course-online-Modules-1-6-final-rev.1-with-introduction-DE.pdf\",\"wpOptions\":\"true\"}; if(window.DFLIP && window.DFLIP.parseBooks){window.DFLIP.parseBooks();}<\/script><\/div>\n\t\t\t\t<\/div>\n\t\t\t\t<\/div>\n\t\t\t\t<div class=\"elementor-element elementor-element-bb86a31 elementor-widget elementor-widget-shortcode\" data-id=\"bb86a31\" data-element_type=\"widget\" data-widget_type=\"shortcode.default\">\n\t\t\t\t<div class=\"elementor-widget-container\">\n\t\t\t\t\t<div class=\"elementor-shortcode\"><div class=\"_df_book df-lite\" id=\"df_2370\"  data-title=\"pr1-word-files-de\" _slug=\"pr1-word-files-de\" wpoptions=\"true\" thumbtype=\"bg\" ><p class=\"df-raw-loading\">Please wait while flipbook is loading. For more related info, FAQs and issues please refer to <a href=\"https:\/\/wordpress.org\/plugins\/3d-flipbook-dflip-lite\/#installation\">DearFlip WordPress Flipbook Plugin Help<\/a> documentation.<\/p><\/div><script class=\"df-shortcode-script\" type=\"application\/javascript\">window.option_df_2370 = {\"outline\":[],\"forceFit\":\"true\",\"autoEnableOutline\":\"false\",\"autoEnableThumbnail\":\"false\",\"overwritePDFOutline\":\"false\",\"direction\":\"1\",\"pageSize\":\"0\",\"source\":\"http:\\\/\\\/mooc.senexia.eu\\\/wp-content\\\/uploads\\\/2024\\\/01\\\/SENEXIA-training-course-DE.pdf\",\"wpOptions\":\"true\"}; if(window.DFLIP && window.DFLIP.parseBooks){window.DFLIP.parseBooks();}<\/script><\/div>\n\t\t\t\t<\/div>\n\t\t\t\t<\/div>\n\t\t\t\t<div class=\"elementor-element elementor-element-2d21ec1 elementor-widget elementor-widget-text-editor\" data-id=\"2d21ec1\" data-element_type=\"widget\" data-widget_type=\"text-editor.default\">\n\t\t\t\t<div class=\"elementor-widget-container\">\n\t\t\t\t\t\t\t<p><strong>Modul 1 - Digitale Kompetenz<\/strong><\/p>\n<p><span style=\"color: var( --e-global-color-text ); font-family: var( --e-global-typography-text-font-family ), Sans-serif; font-weight: var( --e-global-typography-text-font-weight ); text-align: var(--text-align); font-size: 1rem;\">In diesem Modul wird vermittelt, wie man online navigiert, im Internet sucht, Dateien austauscht und digitale Sicherheit gew\u00e4hrleistet.<\/span><\/p>\n<p><\/p>\n<p><strong>Modul 2 - Digitales Lernen und Training<\/strong><br>Dieses Modul vermittelt Grund- und Faktenwissen \u00fcber die Bedeutung des digitalen Lernens und der digitalen Ausbildung im technologischen Zeitalter sowie praktische Kenntnisse \u00fcber Plattformen zur Verbesserung der digitalen Kompetenzen.<\/p>\n<p><\/p>\n<p><strong>Modul 3 - Digitale Werkzeuge in der Wirtschaft<\/strong><br>Dieses Modul identifiziert grundlegende und digitale Marketingplattformen, um die F\u00e4higkeit von Senioren zu verbessern, ihr Online-Gesch\u00e4ft durch Meetings und digitale Kundenwerbung zu verwalten.<\/p>\n<p><\/p>\n<p><strong>Modul 4 - Digitales Marketing und Kommunikation<\/strong><br>Nutzen Sie dieses Modul, um Einblicke zu gewinnen, damit Sie Ihre eigene Marketingentwicklung selbstbewusst in Angriff nehmen k\u00f6nnen. Sie werden lernen, wie Sie Ihre eigenen Marketinginnovationen entwickeln und diese in Ihrem eigenen Unternehmen umsetzen k\u00f6nnen. Im Rahmen dieser Innovation erstellen Sie umsetzbare Ziele f\u00fcr eine klare Ausrichtung und lernen, wie Sie Ihre Zielgruppe identifizieren, um die Konversion zu steigern. Am Ende dieses Moduls werden Sie \u00fcber die F\u00e4higkeiten und das Selbstvertrauen verf\u00fcgen, Ihre digitalen Marketinginhalte zu erstellen, einzusetzen und zu \u00fcberwachen.<\/p>\n<p><\/p>\n<p><strong>Modul 5 - Aufbau eines Online-Gesch\u00e4fts<\/strong><br>In diesem ersten Teil von Modul 5 zeigen wir Ihnen, wie Sie einen Online-Shop planen. Wir erkl\u00e4ren Ihnen die ersten wichtigen Schritte und bieten Ihnen verschiedene technische M\u00f6glichkeiten, um Ihren eigenen Onlineshop auf die Beine zu stellen.<\/p>\n<p><\/p>\n<p><strong>Modul 6 - Betrieb(e) eines Online-Gesch\u00e4fts<\/strong><br>Wenn Sie lernen, wie Sie Ihr Online-Gesch\u00e4ft verwalten k\u00f6nnen, ist das der beste Weg, um sicherzustellen, dass Ihr Unternehmen erfolgreich ist. Ihr Gesch\u00e4ft zu f\u00fchren bedeutet nicht nur, Ihr Geld und Ihre Risiken zu verwalten, sondern auch Ihre eigenen F\u00e4higkeiten und Fertigkeiten. Wenn Sie sich etwas Zeit nehmen, um neue digitale F\u00e4higkeiten zu erlernen und zu lernen, wie Sie Ihr Geld und Ihre Risiken verwalten k\u00f6nnen, werden Sie ein erfolgreicher Online-Gesch\u00e4ftsinhaber und eine F\u00fchrungskraft werden! In diesem Modul werden Sie lernen: Wie Sie einen Gesch\u00e4ftsplan erstellen; wie wichtig Finanzmanagement und Risikobewertung sind; wie Sie in sich selbst investieren k\u00f6nnen, um Ihr Gesch\u00e4ft zu verbessern; und wie wichtig es ist, Ihre Gesundheit und Ihr Stressniveau zu erhalten, wenn Sie ein Online-Gesch\u00e4ft f\u00fchren.<\/p>\t\t\t\t\t\t<\/div>\n\t\t\t\t<\/div>\n\t\t<div class=\"elementor-element elementor-element-672b0eb e-con-full e-con\" data-id=\"672b0eb\" data-element_type=\"container\" data-settings=\"{&quot;content_width&quot;:&quot;full&quot;}\">\n\t\t\t\t<div class=\"elementor-element elementor-element-34bb370 elementor-widget elementor-widget-heading\" data-id=\"34bb370\" data-element_type=\"widget\" data-widget_type=\"heading.default\">\n\t\t\t\t<div class=\"elementor-widget-container\">\n\t\t\t<h2 class=\"elementor-heading-title elementor-size-default\">Infografik-Kit<\/h2>\t\t<\/div>\n\t\t\t\t<\/div>\n\t\t\t\t<\/div>\n\t\t\t\t<div class=\"elementor-element elementor-element-ecbeab0 elementor-widget elementor-widget-text-editor\" data-id=\"ecbeab0\" data-element_type=\"widget\" data-widget_type=\"text-editor.default\">\n\t\t\t\t<div class=\"elementor-widget-container\">\n\t\t\t\t\t\t\t<p>Ein Infografik-Kit zur digitalen Vorbereitung von Senioren auf Unternehmertum und Selbstst\u00e4ndigkeit. Die infografischen Ressourcen sind interaktiv und erfordern digitale F\u00e4higkeiten. Das Kit besteht aus 30 interaktiven Infografiken (5 pro Land) zum Thema digitale Bereitschaft, die einen angemessenen und effektiven Rahmen f\u00fcr die Entwicklung digitaler Schl\u00fcsselkompetenzen f\u00fcr \u00e4ltere erwachsene Lernende und \u00e4ltere Unternehmer bieten. Jede Infografik besteht aus 4 Elementen:\u00a0<\/p><p>\u00a0<\/p><p>- Ein Einf\u00fchrungs-\/Erkl\u00e4rungsvideo, das das in der interaktiven Infografik behandelte Thema vorstellt und den Kontext der auf dem Poster enthaltenen digitalen Ressourcen beschreibt.<\/p><p>- Ein interaktives Quiz oder ein r\u00e4tselbasierter Test <span style=\"color: var( --e-global-color-text ); font-family: var( --e-global-typography-text-font-family ), Sans-serif; font-weight: var( --e-global-typography-text-font-weight ); text-align: var(--text-align); font-size: 1rem;\">based test<\/span><\/p><p class=\" translation-block\">- Ein Digital Breakout, eine auf Herausforderungen basierende Lernressource, die bis zu 4 individuelle Herausforderungen zur Entwicklung von Schl\u00fcsselkompetenzen oder ein WebQuest enth\u00e4lt<\/p><p class=\" translation-block\">- Ein Aufruf zum Handeln: Dieses Element wird erfahrene Unternehmer aus jedem Partnerland auffordern, eine unternehmensbezogene Aktivit\u00e4t durchzuf\u00fchren, um auf ihrem unternehmerischen Weg voranzukommen.<\/p>\t\t\t\t\t\t<\/div>\n\t\t\t\t<\/div>\n\t\t<div class=\"elementor-element elementor-element-64a92e0 e-con-full e-con\" data-id=\"64a92e0\" data-element_type=\"container\" data-settings=\"{&quot;content_width&quot;:&quot;full&quot;}\">\n\t\t\t\t<div class=\"elementor-element elementor-element-279fd01 elementor-widget elementor-widget-heading\" data-id=\"279fd01\" data-element_type=\"widget\" data-widget_type=\"heading.default\">\n\t\t\t\t<div class=\"elementor-widget-container\">\n\t\t\t<h2 class=\"elementor-heading-title elementor-size-default\">Fallstudien \/ Videos<\/h2>\t\t<\/div>\n\t\t\t\t<\/div>\n\t\t\t\t<\/div>\n\t\t\t\t<div class=\"elementor-element elementor-element-0c84613 elementor-widget elementor-widget-text-editor\" data-id=\"0c84613\" data-element_type=\"widget\" data-widget_type=\"text-editor.default\">\n\t\t\t\t<div class=\"elementor-widget-container\">\n\t\t\t\t\t\t\t<p class=\" translation-block\">Im Rahmen des Projekts werden aufr\u00fcttelnde Kurzgeschichten (Videos) entwickelt. Diese Videos werden es uns erm\u00f6glichen, eine Sensibilisierungskampagne zu starten, die sich an die breite \u00d6ffentlichkeit der Partnerl\u00e4nder richtet und Stereotypen und die Probleme der alternden Gesellschaft bek\u00e4mpft.<\/p>\t\t\t\t\t\t<\/div>\n\t\t\t\t<\/div>\n\t\t\t\t<\/div>\n\t\t\t\t\t<\/div>\n\t\t\t\t<\/div>\n\t\t\t\t\t\t\t<\/div>","protected":false},"excerpt":{"rendered":"<p>Welcome to the SENEXIA MOOC Promoting Senior&#8217;s employment and self employment Get Started About Us Everywhere in Europe, the population is aging with an enormous intellectual capacity, an enormous experience in various fields of activity but which is confronted with a harassing management of the end of career which does not promote the employability of [&hellip;]<\/p>","protected":false},"author":1,"featured_media":0,"parent":0,"menu_order":0,"comment_status":"closed","ping_status":"closed","template":"elementor_header_footer","meta":{"footnotes":""},"class_list":["post-41","page","type-page","status-publish","hentry"],"_links":{"self":[{"href":"http:\/\/mooc.senexia.eu\/de\/wp-json\/wp\/v2\/pages\/41","targetHints":{"allow":["GET"]}}],"collection":[{"href":"http:\/\/mooc.senexia.eu\/de\/wp-json\/wp\/v2\/pages"}],"about":[{"href":"http:\/\/mooc.senexia.eu\/de\/wp-json\/wp\/v2\/types\/page"}],"author":[{"embeddable":true,"href":"http:\/\/mooc.senexia.eu\/de\/wp-json\/wp\/v2\/users\/1"}],"replies":[{"embeddable":true,"href":"http:\/\/mooc.senexia.eu\/de\/wp-json\/wp\/v2\/comments?post=41"}],"version-history":[{"count":178,"href":"http:\/\/mooc.senexia.eu\/de\/wp-json\/wp\/v2\/pages\/41\/revisions"}],"predecessor-version":[{"id":2414,"href":"http:\/\/mooc.senexia.eu\/de\/wp-json\/wp\/v2\/pages\/41\/revisions\/2414"}],"wp:attachment":[{"href":"http:\/\/mooc.senexia.eu\/de\/wp-json\/wp\/v2\/media?parent=41"}],"curies":[{"name":"wp","href":"https:\/\/api.w.org\/{rel}","templated":true}]}}